{"id":194,"date":"2021-08-24T19:39:40","date_gmt":"2021-08-24T19:39:40","guid":{"rendered":"http:\/\/prgnid.com.tr\/?page_id=194"},"modified":"2023-03-10T02:13:07","modified_gmt":"2023-03-10T02:13:07","slug":"hakkimizda","status":"publish","type":"page","link":"http:\/\/prgnid.com.tr\/index.php\/hakkimizda\/","title":{"rendered":"Hakk\u0131m\u0131zda"},"content":{"rendered":"\r\n<p class=\"has-text-align-justify\" style=\"text-align: justify;\">PRGNID, uzun y\u0131llard\u0131r T\u00fcrkiye ba\u015fta olmak \u00fczere, g\u00fcvenlikli kimlik dok\u00fcmantasyonlar\u0131na teknolojik \u00e7\u00f6z\u00fcmler ve \u00fcr\u00fcnler sa\u011flamaktad\u0131r.<\/p>\r\n<p>&nbsp;<\/p>\r\n<p class=\"has-text-align-justify\" style=\"text-align: justify; line-height: 2em;\">Sa\u011flad\u0131\u011f\u0131 t\u00fcm \u00fcr\u00fcnlerde d\u00fcnya ve \u00fclkelerin kendi standartlar\u0131, talep ve ihtiya\u00e7lar\u0131n\u0131 g\u00f6z \u00f6n\u00fcnde bulundurarak ki\u015fiselle\u015ftirilmi\u015f \u00e7\u00f6z\u00fcmler oda\u011f\u0131nda gitmektedir. Temin etti\u011fi \u00fcr\u00fcnler aras\u0131nda devletlerin dola\u015f\u0131ma sundu\u011fu pasaport, kimlik kart\u0131 gibi g\u00fcvenlikli \u00fcr\u00fcnlerin; temasl\u0131 ve temass\u0131z inlayler ba\u015f\u0131 \u00e7ekmektedir. Temin s\u00fcrecini ISO, ICAO ve d\u00fcnyadaki reg\u00fclasyonlar\u0131 takip ederek, \u00fcr\u00fcnleri geli\u015ftirip son kullan\u0131c\u0131ya sorunsuz ula\u015fmas\u0131n\u0131 sa\u011flamaktad\u0131r. PRGNID, t\u00fcm d\u00fcnyada farkl\u0131 \u00fcr\u00fcnleri ve hizmetleriyle bilinen \u015firketlerle i\u015fbirliklerini devam ettirmekte ve proje payda\u015f\u0131 olarak g\u00f6rd\u00fc\u011f\u00fc m\u00fc\u015fteriyle uzun vadeli projeler geli\u015ftirmeyi s\u00fcrd\u00fcrmektedir.<\/p>\r\n","protected":false},"excerpt":{"rendered":"<p>PRGNID, uzun y\u0131llard\u0131r T\u00fcrkiye ba\u015fta olmak \u00fczere, g\u00fcvenlikli kimlik dok\u00fcmantasyonlar\u0131na teknolojik \u00e7\u00f6z\u00fcmler ve \u00fcr\u00fcnler sa\u011flamaktad\u0131r. &nbsp; Sa\u011flad\u0131\u011f\u0131 t\u00fcm \u00fcr\u00fcnlerde d\u00fcnya ve \u00fclkelerin kendi standartlar\u0131, talep ve ihtiya\u00e7lar\u0131n\u0131 g\u00f6z \u00f6n\u00fcnde bulundurarak ki\u015fiselle\u015ftirilmi\u015f \u00e7\u00f6z\u00fcmler oda\u011f\u0131nda gitmektedir. Temin etti\u011fi \u00fcr\u00fcnler aras\u0131nda devletlerin dola\u015f\u0131ma sundu\u011fu pasaport, kimlik kart\u0131 gibi g\u00fcvenlikli \u00fcr\u00fcnlerin; temasl\u0131 ve temass\u0131z inlayler ba\u015f\u0131 \u00e7ekmektedir. Temin s\u00fcrecini [&hellip;]<\/p>\n","protected":false},"author":1,"featured_media":0,"parent":0,"menu_order":0,"comment_status":"closed","ping_status":"closed","template":"templates\/template-page-full-width.php","meta":{"footnotes":""},"class_list":["post-194","page","type-page","status-publish","hentry"],"_links":{"self":[{"href":"http:\/\/prgnid.com.tr\/index.php\/wp-json\/wp\/v2\/pages\/194","targetHints":{"allow":["GET"]}}],"collection":[{"href":"http:\/\/prgnid.com.tr\/index.php\/wp-json\/wp\/v2\/pages"}],"about":[{"href":"http:\/\/prgnid.com.tr\/index.php\/wp-json\/wp\/v2\/types\/page"}],"author":[{"embeddable":true,"href":"http:\/\/prgnid.com.tr\/index.php\/wp-json\/wp\/v2\/users\/1"}],"replies":[{"embeddable":true,"href":"http:\/\/prgnid.com.tr\/index.php\/wp-json\/wp\/v2\/comments?post=194"}],"version-history":[{"count":30,"href":"http:\/\/prgnid.com.tr\/index.php\/wp-json\/wp\/v2\/pages\/194\/revisions"}],"predecessor-version":[{"id":306,"href":"http:\/\/prgnid.com.tr\/index.php\/wp-json\/wp\/v2\/pages\/194\/revisions\/306"}],"wp:attachment":[{"href":"http:\/\/prgnid.com.tr\/index.php\/wp-json\/wp\/v2\/media?parent=194"}],"curies":[{"name":"wp","href":"https:\/\/api.w.org\/{rel}","templated":true}]}}